{"id":3,"date":"2024-08-11T16:21:01","date_gmt":"2024-08-11T16:21:01","guid":{"rendered":"https:\/\/lekarzodzaraz.pl\/?page_id=3"},"modified":"2024-08-11T17:52:23","modified_gmt":"2024-08-11T17:52:23","slug":"privacy-policy","status":"publish","type":"page","link":"https:\/\/lekarzodzaraz.pl\/?page_id=3","title":{"rendered":"Polityka Prywatno\u015bci"},"content":{"rendered":"\t\t<div data-elementor-type=\"wp-page\" data-elementor-id=\"3\" class=\"elementor elementor-3\" data-elementor-post-type=\"page\">\n\t\t\t\t<div class=\"elementor-element elementor-element-5727996b e-flex e-con-boxed e-con e-parent\" data-id=\"5727996b\" data-element_type=\"container\" data-e-type=\"container\">\n\t\t\t\t\t<div class=\"e-con-inner\">\n\t\t\t\t<div class=\"elementor-element elementor-element-22d9e4bd elementor-widget elementor-widget-text-editor\" data-id=\"22d9e4bd\" data-element_type=\"widget\" data-e-type=\"widget\" data-widget_type=\"text-editor.default\">\n\t\t\t\t<div class=\"elementor-widget-container\">\n\t\t\t\t\t\t\t\t\t<h2>Polityka Prywatno\u015bci<\/h2><h4>\u00a0<\/h4><h5 class=\"wp-block-heading\">Postanowienia og\u00f3lne<\/h5><ol><li>Niniejsza\u00a0<em>Polityka ochrony prywatno\u015bci\u00a0<\/em>okre\u015bla spos\u00f3b zbierania, przetwarzania i przechowywania danych osobowych koniecznych do \u015bwiadczenia us\u0142ug drog\u0105 elektroniczn\u0105 za po\u015brednictwem serwisu internetowego w domenie lekarzodzaraz.pl (dalej: <strong>Serwis<\/strong>).<\/li><\/ol><p>Administratorem danych osobowych U\u017cytkownik\u00f3w jest [Puzmiki Sp. Z o.o. Szcz\u0119sna 26, 02-454 Warszawa] (dalej: Administrator).<\/p><ol start=\"2\"><li>Dane osobowe przetwarzane s\u0105 zgodnie z Rozporz\u0105dzeniem Parlamentu Europejskiego i Rady (UE) 2016\/679 z dnia 27 kwietnia 2016 r<em>. w sprawie ochrony os\u00f3b fizycznych w zwi\u0105zku z przetwarzaniem danych osobowych i w sprawie swobodnego przep\u0142ywu takich danych oraz uchylenia dyrektywy 95\/46\/WE\u00a0<\/em>(og\u00f3lne rozporz\u0105dzenie o ochronie danych) (dalej:\u00a0<strong>RODO<\/strong>).<\/li><li>Zbierane przez Administratora dane b\u0119d\u0105:<ul><li>przetwarzane zgodnie z prawem,<\/li><li>przetwarzane w wyra\u017anie okre\u015blonych celach i niepoddawane dalszemu przetwarzaniu niezgodnemu z tymi celami,<\/li><li>merytorycznie poprawne i adekwatne w stosunku do cel\u00f3w, w jakich s\u0105 przetwarzane,<\/li><li>przechowywane nie d\u0142u\u017cej ni\u017c jest to niezb\u0119dne do osi\u0105gni\u0119cia celu przetwarzania.<\/li><\/ul><\/li><\/ol><h5>Cel i podstawy prawne przetwarzania danych<\/h5><ol><li style=\"list-style-type: none;\"><ol><li style=\"list-style-type: none;\"><ol><li>Administrator przetwarza dane osobowe niezb\u0119dne do \u015bwiadczenia i rozwoju oferowanych us\u0142ug dost\u0119pnych za po\u015brednictwem Serwisu oraz poszczeg\u00f3lnych jego funkcjonalno\u015bci.<\/li><li>Dane osobowe przetwarzane b\u0119d\u0105 w nast\u0119puj\u0105cych celach:<ol><li>rejestracji konta, weryfikacji to\u017csamo\u015bci U\u017cytkownika oraz realizacji umowy o \u015bwiadczeniu us\u0142ug drog\u0105 elektroniczn\u0105 zgodnie z ustaw\u0105 z dnia 18 lipca 2002 r.\u00a0<em>o \u015bwiadczeniu us\u0142ug drog\u0105 elektroniczn\u0105,\u00a0<\/em>w tym w szczeg\u00f3lno\u015bci poprzez zapewnienie mo\u017cliwo\u015bci korzystania z konta U\u017cytkownika \u2013 na podstawie akceptacji warunk\u00f3w Regulaminu (art. 6 ust. 1 lit. b RODO);<\/li><li>komunikacji z U\u017cytkownikiem w celu dostarczeniu mu niezb\u0119dnych informacji oraz budowania pozytywnych i rzetelnych relacji z Nim, co stanowi prawnie uzasadniony interes Administratora (art. 6 ust. 1 lit. f RODO);<\/li><li>promowania przez Administratora produkt\u00f3w i\/lub us\u0142ug w\u0142asnych oraz swoich Partner\u00f3w poprzez kierowanie drog\u0105 elektroniczn\u0105 Informacji marketingowych (newsletter) o ile U\u017cytkownik wyrazi\u0142 zgod\u0119 na otrzymywanie takich powiadomie\u0144 za po\u015brednictwem e-mail (art. 6 ust. 1 lit. a RODO);<\/li><li>udzielenia dost\u0119pu do informacji o nowo\u015bciach z bran\u017cy bezpo\u015brednio powi\u0105zanej z dzia\u0142alno\u015bci\u0105 Administratora, o ile U\u017cytkownik wyrazi\u0142 zgod\u0119 na otrzymywanie takich powiadomie\u0144 za po\u015brednictwem e-mail (art. 6 ust. 1 lit. a RODO),<\/li><li>w celach analitycznych i statystycznych na podstawie prawnie uzasadnionego interesu Administratora polegaj\u0105cego na prowadzeniu weryfikacji aktywno\u015bci U\u017cytkownik\u00f3w i ich preferencji dla optymalizacji us\u0142ug i produkt\u00f3w oraz stosowanych funkcjonalno\u015bci Serwisu (art. 6 ust. 1 lit. f RODO);<\/li><li>ewentualnego ustalenia, dochodzenia roszcze\u0144 lub obrony przed nimi na podstawie prawnie uzasadnionego interesu Administratora polegaj\u0105cego na ochronie jej praw (art. 6 ust. 1 lit. f RODO).<\/li><\/ol><\/li><li>W ka\u017cdym z wymienionych powy\u017cej przypadk\u00f3w (ust 2) podanie danych jest dobrowolne, jednak konieczne do zawarcia umowy lub skorzystania z innych funkcjonalno\u015bci Serwisu.<\/li><\/ol><\/li><\/ol><\/li><\/ol><h5>Okres przetwarzania danych osobowych<\/h5><ol><li style=\"list-style-type: none;\"><ol><li>Dane osobowe b\u0119d\u0105 przetwarzane przez okres, w kt\u00f3rym osoba pozostaje aktywnym U\u017cytkownikiem Serwisu, a po tym czasie przez okres niezb\u0119dny do zachowania zgodno\u015bci z przepisami prawa, dochodzenia lub obrony przed ewentualnymi roszczeniami, jednak nie d\u0142u\u017cej ni\u017c 3 lat liczone od dnia rozwi\u0105zania umowy o \u015bwiadczeniu us\u0142ug drog\u0105 elektroniczn\u0105.<\/li><li>Dane przetwarzane na podstawie zgody b\u0119d\u0105 przetwarzane do czasu wycofania udzielonej zgody z zastrze\u017ceniem, \u017ce wycofanie tej zgody nie ma wp\u0142ywu na zgodno\u015b\u0107 przetwarzania danych, kt\u00f3rego dokonano przed tym wycofaniem.<\/li><\/ol><\/li><\/ol><h5>Informacje o przetwarzaniu<\/h5><ol><li style=\"list-style-type: none;\"><ol><li>Dane osobowe w zale\u017cno\u015bci od celu przetwarzania mog\u0105 zosta\u0107 ujawnione:<ol><li>podmiotom powi\u0105zanym z Administratorem<\/li><li>podmiotom wsp\u00f3\u0142pracuj\u0105cym z Administratorem,<\/li><li>podwykonawcom, w szczeg\u00f3lno\u015bci podmiotom dostarczaj\u0105cym i obs\u0142uguj\u0105cym wybrane systemy i rozwi\u0105zania informatyczne,<\/li><li>podmiotom obs\u0142uguj\u0105cym p\u0142atno\u015bci internetowe,<\/li><li>podmiotom \u015bwiadcz\u0105cym us\u0142ugi kuriersko-pocztowe,<\/li><li>kancelariom prawnym.<\/li><\/ol><\/li><\/ol><\/li><\/ol><p><em>Dane osobowe przetwarzane przez Administratorem,\u00a0nie b\u0119d\u0105\/b\u0119d\u0105\u00a0przekazywane poza Europejski Obszar Gospodarczy ani do organizacji mi\u0119dzynarodowych<\/em>.<\/p><h5>Prawa os\u00f3b, kt\u00f3rych dane dotycz\u0105<\/h5><ol><li style=\"list-style-type: none;\"><ol><li>U\u017cytkownik Serwisu ma prawo:<\/li><\/ol><\/li><\/ol><ul><li>dost\u0119pu do tre\u015bci swoich danych osobowych<\/li><li>sprostowania danych<\/li><li>usuni\u0119cia danych<\/li><li>ograniczenia przetwarzania danych<\/li><li>przenoszenia danych<\/li><li>wniesienia sprzeciwu wobec przetwarzania odbywaj\u0105cego si\u0119 na podstawie prawienie usprawiedliwionego interesu administratora<\/li><li>wycofania zgody w dowolnym momencie bez wp\u0142ywu na zgodno\u015b\u0107 z prawem przetwarzania, kt\u00f3rego dokonano na podstawie tej zgody przed jej wycofaniem<\/li><\/ul><ol start=\"2\"><li>U\u017cytkownik ma prawo do wniesienia skargi do Prezesa Urz\u0119du Ochrony Danych Osobowych w sytuacji, w kt\u00f3rej uzna, \u017ce przetwarzanie narusza jego prawa i wolno\u015bci.<\/li><li>W procesie przetwarzania danych nie dochodzi do zautomatyzowanego podejmowania decyzji w tym do profilowania.<\/li><\/ol><h5>Postanowienia ko\u0144cowe<\/h5><ol><li style=\"list-style-type: none;\"><ol><li>Administrator zastrzega sobie prawo do wprowadzenia zmian w niniejszej Polityce prywatno\u015bci jednocze\u015bnie zapewnia, \u017ce prawa U\u017cytkownik\u00f3w wynikaj\u0105ce z niniejszego dokumenty nie zostan\u0105 ograniczone.<\/li><li>O wszelkich zmiana w Polityce prywatno\u015bci U\u017cytkownik zostanie poinformowany poprzez komunikat dost\u0119pny w Serwisie.<\/li><\/ol><\/li><\/ol>\t\t\t\t\t\t\t\t<\/div>\n\t\t\t\t<\/div>\n\t\t\t\t\t<\/div>\n\t\t\t\t<\/div>\n\t\t\t\t<\/div>\n\t\t","protected":false},"excerpt":{"rendered":"<p>Polityka Prywatno\u015bci \u00a0 Postanowienia og\u00f3lne Niniejsza\u00a0Polityka ochrony prywatno\u015bci\u00a0okre\u015bla spos\u00f3b zbierania, przetwarzania i przechowywania danych osobowych koniecznych do \u015bwiadczenia us\u0142ug drog\u0105 elektroniczn\u0105 za po\u015brednictwem serwisu internetowego w domenie lekarzodzaraz.pl (dalej: Serwis). Administratorem danych osobowych U\u017cytkownik\u00f3w jest [Puzmiki Sp. Z o.o. Szcz\u0119sna 26, 02-454 Warszawa] (dalej: Administrator). Dane osobowe przetwarzane s\u0105 zgodnie z Rozporz\u0105dzeniem Parlamentu Europejskiego i [&hellip;]<\/p>\n","protected":false},"author":1,"featured_media":0,"parent":0,"menu_order":0,"comment_status":"closed","ping_status":"open","template":"elementor_header_footer","meta":{"footnotes":""},"class_list":["post-3","page","type-page","status-publish","hentry"],"_links":{"self":[{"href":"https:\/\/lekarzodzaraz.pl\/index.php?rest_route=\/wp\/v2\/pages\/3"}],"collection":[{"href":"https:\/\/lekarzodzaraz.pl\/index.php?rest_route=\/wp\/v2\/pages"}],"about":[{"href":"https:\/\/lekarzodzaraz.pl\/index.php?rest_route=\/wp\/v2\/types\/page"}],"author":[{"embeddable":true,"href":"https:\/\/lekarzodzaraz.pl\/index.php?rest_route=\/wp\/v2\/users\/1"}],"replies":[{"embeddable":true,"href":"https:\/\/lekarzodzaraz.pl\/index.php?rest_route=%2Fwp%2Fv2%2Fcomments&post=3"}],"version-history":[{"count":10,"href":"https:\/\/lekarzodzaraz.pl\/index.php?rest_route=\/wp\/v2\/pages\/3\/revisions"}],"predecessor-version":[{"id":436,"href":"https:\/\/lekarzodzaraz.pl\/index.php?rest_route=\/wp\/v2\/pages\/3\/revisions\/436"}],"wp:attachment":[{"href":"https:\/\/lekarzodzaraz.pl\/index.php?rest_route=%2Fwp%2Fv2%2Fmedia&parent=3"}],"curies":[{"name":"wp","href":"https:\/\/api.w.org\/{rel}","templated":true}]}}